{"id":10162,"date":"2020-02-26T18:39:13","date_gmt":"2020-02-27T04:39:13","guid":{"rendered":"https:\/\/www.braininjurylawofseattle.com\/tecnologia-de-evaluacion-de-tce-de-vanguardia-como-demostrar-tu-lesion-cerebral-traumatica\/"},"modified":"2026-04-15T11:36:15","modified_gmt":"2026-04-15T21:36:15","slug":"tecnologia-de-evaluacion-de-tce-de-vanguardia-como-demostrar-tu-lesion-cerebral-traumatica","status":"publish","type":"page","link":"https:\/\/www.braininjurylawofseattle.com\/es\/tecnologia-de-evaluacion-de-tce-de-vanguardia-como-demostrar-tu-lesion-cerebral-traumatica\/","title":{"rendered":"Tecnolog\u00eda avanzada para la evaluaci\u00f3n del TCE: de c\u00f3mo demostrar una lesi\u00f3n cerebral traum\u00e1tica"},"content":{"rendered":"<div class=\"ast-oembed-container \" style=\"height: 100%;\"><iframe title=\"Advanced Brain Imaging Techniques | Brain Injury Law of Seattle\" width=\"500\" height=\"281\" src=\"https:\/\/www.youtube.com\/embed\/LCLRePfl1XQ?feature=oembed\" frameborder=\"0\" allow=\"accelerometer; autoplay; clipboard-write; encrypted-media; gyroscope; picture-in-picture; web-share\" referrerpolicy=\"strict-origin-when-cross-origin\" allowfullscreen><\/iframe><\/div>\n<p>\u00bfC\u00f3mo demostramos que su lesi\u00f3n cerebral es real? <br \/> Las tecnolog\u00edas m\u00e1s avanzadas en la evaluaci\u00f3n de TCE, (traumatismo craneoencef\u00e1lico) nos permiten presentar evidencia objetiva y s\u00f3lida.<\/p>\n<p>En Brain Injury Law of Seattle, creemos que la mejor forma de avanzar es documentar de forma objetiva una lesi\u00f3n cerebral utilizando la \u00faltima tecnolog\u00eda capaz de mostrar el propio da\u00f1o; un da\u00f1o que ocurre a nivel microsc\u00f3pico.<\/p>\n<h2><b>\u00bfQu\u00e9 puede demostrar la tecnolog\u00eda avanzada en la evaluaci\u00f3n del TCE?<\/b><\/h2>\n<p>Cuando se produce una lesi\u00f3n cerebral como consecuencia de un golpe en la cabeza o un movimiento brusco, como una ca\u00edda o un accidente de coche, algunas c\u00e9lulas cerebrales pueden sufrir estiramientos o da\u00f1os , lo que genera alteraciones a nivel microsc\u00f3pico.<\/p>\n<p>Este da\u00f1o puede alterar la actividad el\u00e9ctrica del cerebro, de modo que no todas las \u00e1reas cerebrales funcionan en armon\u00eda. Es similar a una sinfon\u00eda en la que cada secci\u00f3n toca en una tonalidad distinta, generando un resultado desorganizado y dif\u00edcil de interpretar di<\/p>\n<p>Con el tiempo, pueden desarrollarse cicatrices e inflamaci\u00f3n a nivel celular, las cuales no suelen ser visibles f\u00e1cilmente en estudios convencionales como una resonancia magn\u00e9tica o una tomograf\u00eda computarizada. Sin embargo, hoy en d\u00eda existen herramientas diagn\u00f3sticas mucho m\u00e1s avanzadas para detectar estas lesiones.<\/p>\n<h2><b>Avances en la evaluaci\u00f3n precisa de lesiones cerebrales<\/b><\/h2>\n<p>Durante d\u00e9cadas, los m\u00e9dicos enfrentaron grandes dificultades para diagnosticar el TCE debido a la falta de pruebas espec\u00edficas. La tecnolog\u00eda necesaria para observar con precisi\u00f3n lo que ocurr\u00eda dentro del cerebro simplemente no exist\u00eda.<\/p>\n<p>Por suerte, eso ha cambiado. \u00bfQu\u00e9 han aprendido los m\u00e9dicos sobre c\u00f3mo diagnosticar y confirmar una lesi\u00f3n cerebral?<\/p>\n<p>Una forma moderna de ver estas \u00e1reas de da\u00f1o cerebral es una evaluaci\u00f3n de la lesi\u00f3n cerebral traum\u00e1tica (TCE) llamada <a href=\"https:\/\/pmc.ncbi.nlm.nih.gov\/articles\/PMC7889778\/\" target=\"_blank\" rel=\"noopener\">ASL (marcado de esp\u00edn arterial)<\/a>. Es una t\u00e9cnica avanzada de resonancia magn\u00e9tica que mide la la disminuci\u00f3n del flujo sangu\u00edneo en \u00e1reas del cerebro donde se han producido cicatrices e inflamaci\u00f3n tras un traumatismo.<\/p>\n<p>Haz clic en la imagen de abajo para ver esta t\u00e9cnica de resonancia magn\u00e9tica ayuda a mostrar las zonas del cerebro afectadas de lesi\u00f3n cerebral en alguien que sufri\u00f3 un fuerte choque por detras.<\/p>\n<h2>Imagen de DTI<\/h2>\n<p><img decoding=\"async\" class=\"alignnone\" style=\"width: 250px; display: block; margin: 0 auto;\" src=\"https:\/\/www.braininjurylawofseattle.com\/wp-content\/uploads\/2020\/02\/DTI-Brain-Image.jpg\" alt=\"Esc\u00e1ner cerebral DTI que muestra una evaluaci\u00f3n detallada de la lesi\u00f3n cerebral\" width=\"503\" height=\"643\"><\/p>\n<p>Otra t\u00e9cnica que utilizamos es la Imagen por <a href=\"https:\/\/pmc.ncbi.nlm.nih.gov\/articles\/PMC3163395\/\" target=\"_blank\" rel=\"noopener\">Tensor de Difusi\u00f3n (DTI)<\/a>, altamente confiable para evaluar el da\u00f1o en la sustancia blanca del cerebro, es decir, las estructuras internas encargadas de la comunicaci\u00f3n entre distintas regiones cerebrales.<\/p>\n<p>Mientras que el ASL se enfoca en la sustancia gris de la parte externa del cerebro, el DTI permite identificar da\u00f1os m\u00e1s profundos en la sustancia blanca que no son visibles en una resonancia magn\u00e9tica normal. Estos son m\u00e9todos para objetivar el da\u00f1o cerebral que la parte responsable podr\u00eda alegar que no existe.<\/p>\n<p>Otra t\u00e9cnica que utilizamos para objetivar la lesi\u00f3n cerebral en Brain Injury Law es la <a href=\"https:\/\/www.mayoclinic.org\/vid-20564159\" target=\"_blank\" rel=\"noopener\">Electroencefalograf\u00eda Cuantitativa (QEEG)<\/a> que permite mapear \u00e1reas del cerebro que muestran ondas cerebrales el\u00e9ctricas irregulares compatibles con una lesi\u00f3n cerebral.<\/p>\n<p><img decoding=\"async\" class=\"aligncenter wp-image-1748\" src=\"https:\/\/www.braininjurylawofseattle.com\/wp-content\/uploads\/2020\/02\/QEEG-Brain-Mapping-300x136.png\" alt=\"Esc\u00e1ner cerebral que muestra anomal\u00edas funcionales para la evaluaci\u00f3n del TCE\" width=\"649\" height=\"294\" srcset=\"https:\/\/www.braininjurylawofseattle.com\/wp-content\/uploads\/2020\/02\/QEEG-Brain-Mapping-300x136.png 300w, https:\/\/www.braininjurylawofseattle.com\/wp-content\/uploads\/2020\/02\/QEEG-Brain-Mapping-768x348.png 768w, https:\/\/www.braininjurylawofseattle.com\/wp-content\/uploads\/2020\/02\/QEEG-Brain-Mapping-595xh.png 595w, https:\/\/www.braininjurylawofseattle.com\/wp-content\/uploads\/2020\/02\/QEEG-Brain-Mapping-100x45.png 100w, https:\/\/www.braininjurylawofseattle.com\/wp-content\/uploads\/2020\/02\/QEEG-Brain-Mapping.png 877w\" sizes=\"(max-width: 649px) 100vw, 649px\" \/><\/p>\n<h2><b>Demanda por lesi\u00f3n cerebral traum\u00e1tica: \u00bfEs tan dif\u00edcil probar un TCE?<\/b><\/h2>\n<p>En el pasado, s\u00ed lo era. Un argumento com\u00fan de la defensa era que la mayor\u00eda de las lesiones cerebrales se resuelven en seis semanas, sugiriendo que cualquier sintoma persistente no pod\u00eda ser responsabilidad del demandado. Entonces, \u00bfc\u00f3mo se puede demostrar <a href=\"https:\/\/www.braininjurylawofseattle.com\/brain-injury-claims\/\">una lesi\u00f3n cerebral traum\u00e1tica en una reclamaci\u00f3n lega<\/a>l?<\/p>\n<p>La mejor manera es mostrar pruebas claras respaldadas por tecnolog\u00eda y ciencia avanzada, como las las evaluaciones de TCE que mencionamos que su lesi\u00f3n cerebral es, de hecho, real.<\/p>\n<p>Brain Injury Law of Seattle es uno de los pocos bufetes en el pa\u00eds que incorpora estas evaluaciones y t\u00e9cnicas de TCE para ayudar a nuestros clientes a demostrar su caso de forma s\u00f3lida, para que puedan obtener el tratamiento m\u00e9dico y la compensaci\u00f3n que merecen.<\/p>\n<p><span style=\"font-weight: 400;\"><a href=\"https:\/\/www.braininjurylawofseattle.com\/contact\/\">Contactenos<\/a> hoy para que podamos ayudarle a conseguir la compensaci\u00f3n que necesitas para su recuperaci\u00f3n y bienestar.<\/span><\/p>\n<p><a href=\"https:\/\/www.braininjurylawofseattle.com\/traumatic-brain-injury-technology\/\"><br \/>\n<span style=\"font-weight: 400;\">Art\u00edculo relacionado: <\/span><\/a><a href=\"https:\/\/www.braininjurylawofseattle.com\/traumatic-brain-injury-technology\/\"><span style=\"font-weight: 400;\">C\u00f3mo el avance de la tecnolog\u00eda para lesiones cerebrales traum\u00e1ticas puede ayudar a tu caso<\/span><\/a><a href=\"https:\/\/www.braininjurylawofseattle.com\/traumatic-brain-injury-technology\/\"> <\/a><\/p>\n","protected":false},"excerpt":{"rendered":"<p>\u00bfC\u00f3mo demostramos que su lesi\u00f3n cerebral es real? Las tecnolog\u00edas m\u00e1s avanzadas en la evaluaci\u00f3n de TCE, (traumatismo craneoencef\u00e1lico) nos [&hellip;]<\/p>\n","protected":false},"author":6,"featured_media":0,"parent":0,"menu_order":0,"comment_status":"closed","ping_status":"closed","template":"","meta":{"_acf_changed":false,"om_disable_all_campaigns":false,"inline_featured_image":false,"site-sidebar-layout":"default","site-content-layout":"","ast-site-content-layout":"default","site-content-style":"default","site-sidebar-style":"default","ast-global-header-display":"","ast-banner-title-visibility":"","ast-main-header-display":"","ast-hfb-above-header-display":"","ast-hfb-below-header-display":"","ast-hfb-mobile-header-display":"","site-post-title":"","ast-breadcrumbs-content":"","ast-featured-img":"","footer-sml-layout":"","ast-disable-related-posts":"","theme-transparent-header-meta":"default","adv-header-id-meta":"","stick-header-meta":"","header-above-stick-meta":"","header-main-stick-meta":"","header-below-stick-meta":"","astra-migrate-meta-layouts":"default","ast-page-background-enabled":"default","ast-page-background-meta":{"desktop":{"background-color":"var(--ast-global-color-5)","background-image":"","background-repeat":"repeat","background-position":"center center","background-size":"auto","background-attachment":"scroll","background-type":"","background-media":"","overlay-type":"","overlay-color":"","overlay-opacity":"","overlay-gradient":""},"tablet":{"background-color":"","background-image":"","background-repeat":"repeat","background-position":"center center","background-size":"auto","background-attachment":"scroll","background-type":"","background-media":"","overlay-type":"","overlay-color":"","overlay-opacity":"","overlay-gradient":""},"mobile":{"background-color":"","background-image":"","background-repeat":"repeat","background-position":"center center","background-size":"auto","background-attachment":"scroll","background-type":"","background-media":"","overlay-type":"","overlay-color":"","overlay-opacity":"","overlay-gradient":""}},"ast-content-background-meta":{"desktop":{"background-color":"var(--ast-global-color-4)","background-image":"","background-repeat":"repeat","background-position":"center center","background-size":"auto","background-attachment":"scroll","background-type":"","background-media":"","overlay-type":"","overlay-color":"","overlay-opacity":"","overlay-gradient":""},"tablet":{"background-color":"var(--ast-global-color-4)","background-image":"","background-repeat":"repeat","background-position":"center center","background-size":"auto","background-attachment":"scroll","background-type":"","background-media":"","overlay-type":"","overlay-color":"","overlay-opacity":"","overlay-gradient":""},"mobile":{"background-color":"var(--ast-global-color-4)","background-image":"","background-repeat":"repeat","background-position":"center center","background-size":"auto","background-attachment":"scroll","background-type":"","background-media":"","overlay-type":"","overlay-color":"","overlay-opacity":"","overlay-gradient":""}},"footnotes":""},"class_list":["post-10162","page","type-page","status-publish","hentry"],"acf":[],"_links":{"self":[{"href":"https:\/\/www.braininjurylawofseattle.com\/es\/wp-json\/wp\/v2\/pages\/10162","targetHints":{"allow":["GET"]}}],"collection":[{"href":"https:\/\/www.braininjurylawofseattle.com\/es\/wp-json\/wp\/v2\/pages"}],"about":[{"href":"https:\/\/www.braininjurylawofseattle.com\/es\/wp-json\/wp\/v2\/types\/page"}],"author":[{"embeddable":true,"href":"https:\/\/www.braininjurylawofseattle.com\/es\/wp-json\/wp\/v2\/users\/6"}],"replies":[{"embeddable":true,"href":"https:\/\/www.braininjurylawofseattle.com\/es\/wp-json\/wp\/v2\/comments?post=10162"}],"version-history":[{"count":2,"href":"https:\/\/www.braininjurylawofseattle.com\/es\/wp-json\/wp\/v2\/pages\/10162\/revisions"}],"predecessor-version":[{"id":10220,"href":"https:\/\/www.braininjurylawofseattle.com\/es\/wp-json\/wp\/v2\/pages\/10162\/revisions\/10220"}],"wp:attachment":[{"href":"https:\/\/www.braininjurylawofseattle.com\/es\/wp-json\/wp\/v2\/media?parent=10162"}],"curies":[{"name":"wp","href":"https:\/\/api.w.org\/{rel}","templated":true}]}}